{"id":1544,"date":"2021-05-19T04:28:36","date_gmt":"2021-05-19T04:28:36","guid":{"rendered":"https:\/\/klbtheme.com\/bacola\/?page_id=1544"},"modified":"2025-07-25T15:57:30","modified_gmt":"2025-07-25T15:57:30","slug":"rolunk","status":"publish","type":"page","link":"https:\/\/tigrismogyoromagyarorszag.hu\/hu\/rolunk\/","title":{"rendered":"R\u00f3lunk"},"content":{"rendered":"<div data-elementor-type=\"wp-page\" data-elementor-id=\"1544\" class=\"elementor elementor-1544\">\n\t\t\t\t\t\t<section class=\"elementor-section elementor-top-section elementor-element elementor-element-99fa573 elementor-section-full_width elementor-section-height-default elementor-section-height-default\" data-id=\"99fa573\" data-element_type=\"section\">\n\t\t\t\t\t\t<div class=\"elementor-container elementor-column-gap-no\">\n\t\t\t\t\t<div class=\"elementor-column elementor-col-100 elementor-top-column elementor-element elementor-element-305ee4c\" data-id=\"305ee4c\" data-element_type=\"column\">\n\t\t\t<div class=\"elementor-widget-wrap elementor-element-populated\">\n\t\t\t\t\t\t<div class=\"elementor-element elementor-element-9906406 elementor-widget elementor-widget-bacola-hero-banner\" data-id=\"9906406\" data-element_type=\"widget\" data-widget_type=\"bacola-hero-banner.default\">\n\t\t\t\t<div class=\"elementor-widget-container\">\n\t\t\t\t\t<div class=\"page-hero\"><div class=\"container\"><h1 class=\"entry-title\">Tigrismogyor\u00f3 Magyarorsz\u00e1g<\/h1><h4 class=\"entry-subtitle\">horg\u00e1szokt\u00f3l horg\u00e1szoknak<\/h4><\/div><!-- container --><div class=\"hero-image\"><img decoding=\"async\" src=\"https:\/\/tigrismogyoromagyarorszag.hu\/wp-content\/uploads\/2025\/03\/Nevtelen-terv-16.png\" alt=\"hero-banner\"><\/div><\/div>\t\t\t\t<\/div>\n\t\t\t\t<\/div>\n\t\t\t\t\t<\/div>\n\t\t<\/div>\n\t\t\t\t\t<\/div>\n\t\t<\/section>\n\t\t\t\t<section class=\"elementor-section elementor-top-section elementor-element elementor-element-3551755 elementor-section-boxed elementor-section-height-default elementor-section-height-default\" data-id=\"3551755\" data-element_type=\"section\">\n\t\t\t\t\t\t<div class=\"elementor-container elementor-column-gap-extended\">\n\t\t\t\t\t<div class=\"elementor-column elementor-col-100 elementor-top-column elementor-element elementor-element-6f96f87\" data-id=\"6f96f87\" data-element_type=\"column\">\n\t\t\t<div class=\"elementor-widget-wrap elementor-element-populated\">\n\t\t\t\t\t\t<section class=\"elementor-section elementor-inner-section elementor-element elementor-element-d2a69d1 elementor-section-boxed elementor-section-height-default elementor-section-height-default\" data-id=\"d2a69d1\" data-element_type=\"section\">\n\t\t\t\t\t\t<div class=\"elementor-container elementor-column-gap-no\">\n\t\t\t\t\t<div class=\"elementor-column elementor-col-100 elementor-inner-column elementor-element elementor-element-3da8ad0\" data-id=\"3da8ad0\" data-element_type=\"column\">\n\t\t\t<div class=\"elementor-widget-wrap elementor-element-populated\">\n\t\t\t\t\t\t<div class=\"elementor-element elementor-element-bf5a32e elementor-widget elementor-widget-heading\" data-id=\"bf5a32e\" data-element_type=\"widget\" data-widget_type=\"heading.default\">\n\t\t\t\t<div class=\"elementor-widget-container\">\n\t\t\t\t\t<h1 class=\"elementor-heading-title elementor-size-default\">Ismerj meg minket <\/h1>\t\t\t\t<\/div>\n\t\t\t\t<\/div>\n\t\t\t\t\t<\/div>\n\t\t<\/div>\n\t\t\t\t\t<\/div>\n\t\t<\/section>\n\t\t\t\t<section class=\"elementor-section elementor-inner-section elementor-element elementor-element-dae2cc1 elementor-section-boxed elementor-section-height-default elementor-section-height-default\" data-id=\"dae2cc1\" data-element_type=\"section\">\n\t\t\t\t\t\t<div class=\"elementor-container elementor-column-gap-no\">\n\t\t\t\t\t<div class=\"elementor-column elementor-col-100 elementor-inner-column elementor-element elementor-element-769fd1d\" data-id=\"769fd1d\" data-element_type=\"column\">\n\t\t\t<div class=\"elementor-widget-wrap elementor-element-populated\">\n\t\t\t\t\t\t<div class=\"elementor-element elementor-element-563075f elementor-widget elementor-widget-heading\" data-id=\"563075f\" data-element_type=\"widget\" data-widget_type=\"heading.default\">\n\t\t\t\t<div class=\"elementor-widget-container\">\n\t\t\t\t\t<p class=\"elementor-heading-title elementor-size-default\">\nP\u00e1r \u00e9vvel ezel\u0151tt Attila bar\u00e1tommal  a Kett\u0151-K\u00f6r\u00f6s fels\u0151 szakasz\u00e1n horg\u00e1sztunk B\u00e9k\u00e9sn\u00e9l, amikor kipattant a fej\u00fcnkb\u0151l, hogy annyit horg\u00e1szunk tigrismogyor\u00f3val, \u00e9s tigrismogyor\u00f3t tartalmaz\u00f3 csalival, hogy  mi lenne ha mi termelmen\u00e9nk magunknak \u00e9s dolgozn\u00e1nk fel. Akkor azonnal belev\u00e1gtunk, \u00e9s egy kissebb ter\u00fcleten elkezdt\u00fcnk saj\u00e1t c\u00e9lra tigrismogyor\u00f3t termelni. Mikor l\u00e1ttuk, hogy menyire \u00e9des, \u00e9s milyen nagyszem\u0171 a j\u00f3 min\u0151s\u00e9g\u0171 Magyar f\u00f6ldben termelt tigrismogyor\u00f3 akkor tal\u00e1ltuk ki, hogy szeretn\u00e9nk m\u00e1sok sz\u00e1m\u00e1ra is el\u00e9rhet\u0151v\u00e9 tenni, hogy igaz\u00e1n fog\u00f3s csalihoz jussanak re\u00e1lis \u00e1ron. Nem mondhatjuk, hogy sok-sok \u00e9ves termel\u00e9si tapasztalattal rendelkez\u00fcnk, de azt igen, hogy folyamatosan tanulnunk \u00e9s fejl\u0151d\u00fcnk az egyre hat\u00e9konyabb eredm\u00e9ny \u00e9rdek\u00e9ben! Elmondhatjuk, hogy az elm\u00falt p\u00e1r \u00e9vben rengeteg halat k\u00f6sz\u00f6nhett\u00fcnk az \u00e1ltalunk megtermelt tigrismogyor\u00f3nak. K\u00f6r\u00f6s\u00f6k\u00f6n sz\u00e1mtalan hatalmas amurnak, rengeteg sz\u00e9p pontynak \u00f6r\u00fclhett\u00fcnk. A Nagyr\u00e9ti tavon Attila 25,6kg-os t\u0151pontya, a BigFish Lake-en a 22 kg feletti t\u00fck\u00f6rpontya mellett rengeteg halat fogtunk m\u00e1r csalijainkkal. Kor\u00e1bban a horg\u00e1sz piacon t\u00f6lt\u00f6tt tapasztalatunk is azt mutatja, hogy j\u00f3 ir\u00e1nyba haladunk \u00e9s j\u00f3 kapcsolatot \u00e1polva, egy debreceni b\u00e9rgy\u00e1rt\u00f3val a feldolgozott term\u00e9keinket k\u00f6z\u00f6sen \u00e1ll\u00edtjuk el\u0151! V\u00e9gezet\u0171l annyiban \u00f6sszegezn\u00e9nk a bemutatkoz\u00e1sunk, hogy az az igazs\u00e1g, hogy rengeteg j\u00f3 csali van ma a piacon de egy biztos,  a tigrismogyor\u00f3 egy piszkosul j\u00f3 csali!\nLipt\u00e1k Attila &amp; Varga Bal\u00e1zs<\/p>\t\t\t\t<\/div>\n\t\t\t\t<\/div>\n\t\t\t\t\t<\/div>\n\t\t<\/div>\n\t\t\t\t\t<\/div>\n\t\t<\/section>\n\t\t\t\t\t<\/div>\n\t\t<\/div>\n\t\t\t\t\t<\/div>\n\t\t<\/section>\n\t\t\t\t<section class=\"elementor-section elementor-top-section elementor-element elementor-element-f600bf8 elementor-section-boxed elementor-section-height-default elementor-section-height-default\" data-id=\"f600bf8\" data-element_type=\"section\">\n\t\t\t\t\t\t<div class=\"elementor-container elementor-column-gap-no\">\n\t\t\t\t\t<div class=\"elementor-column elementor-col-100 elementor-top-column elementor-element elementor-element-e769e7d\" data-id=\"e769e7d\" data-element_type=\"column\">\n\t\t\t<div class=\"elementor-widget-wrap elementor-element-populated\">\n\t\t\t\t\t\t<section class=\"elementor-section elementor-inner-section elementor-element elementor-element-faa9e1d elementor-section-content-middle elementor-section-boxed elementor-section-height-default elementor-section-height-default\" data-id=\"faa9e1d\" data-element_type=\"section\">\n\t\t\t\t\t\t<div class=\"elementor-container elementor-column-gap-extended\">\n\t\t\t\t\t<div class=\"elementor-column elementor-col-50 elementor-inner-column elementor-element elementor-element-915cf91\" data-id=\"915cf91\" data-element_type=\"column\">\n\t\t\t<div class=\"elementor-widget-wrap elementor-element-populated\">\n\t\t\t\t\t\t<div class=\"elementor-element elementor-element-f43a7ba elementor-widget elementor-widget-heading\" data-id=\"f43a7ba\" data-element_type=\"widget\" data-widget_type=\"heading.default\">\n\t\t\t\t<div class=\"elementor-widget-container\">\n\t\t\t\t\t<h3 class=\"elementor-heading-title elementor-size-default\"><a href=\"https:\/\/www.facebook.com\/profile.php?id=61573558739157\">Varga Bal\u00e1zs<\/a><\/h3>\t\t\t\t<\/div>\n\t\t\t\t<\/div>\n\t\t\t\t<div class=\"elementor-element elementor-element-393e4f6 elementor-widget elementor-widget-image\" data-id=\"393e4f6\" data-element_type=\"widget\" data-widget_type=\"image.default\">\n\t\t\t\t<div class=\"elementor-widget-container\">\n\t\t\t\t\t\t\t\t\t\t\t\t\t\t\t<img fetchpriority=\"high\" decoding=\"async\" width=\"960\" height=\"714\" src=\"https:\/\/tigrismogyoromagyarorszag.hu\/wp-content\/uploads\/2025\/03\/IMG_20250320_174806-1024x762.jpg\" class=\"attachment-large size-large wp-image-3014\" alt=\"\" srcset=\"https:\/\/tigrismogyoromagyarorszag.hu\/wp-content\/uploads\/2025\/03\/IMG_20250320_174806-1024x762.jpg 1024w, https:\/\/tigrismogyoromagyarorszag.hu\/wp-content\/uploads\/2025\/03\/IMG_20250320_174806-300x223.jpg 300w, https:\/\/tigrismogyoromagyarorszag.hu\/wp-content\/uploads\/2025\/03\/IMG_20250320_174806-768x572.jpg 768w, https:\/\/tigrismogyoromagyarorszag.hu\/wp-content\/uploads\/2025\/03\/IMG_20250320_174806-1536x1144.jpg 1536w, https:\/\/tigrismogyoromagyarorszag.hu\/wp-content\/uploads\/2025\/03\/IMG_20250320_174806-2048x1525.jpg 2048w, https:\/\/tigrismogyoromagyarorszag.hu\/wp-content\/uploads\/2025\/03\/IMG_20250320_174806-16x12.jpg 16w, https:\/\/tigrismogyoromagyarorszag.hu\/wp-content\/uploads\/2025\/03\/IMG_20250320_174806-600x447.jpg 600w, https:\/\/tigrismogyoromagyarorszag.hu\/wp-content\/uploads\/2025\/03\/IMG_20250320_174806-73x54.jpg 73w\" sizes=\"(max-width: 960px) 100vw, 960px\" \/>\t\t\t\t\t\t\t\t\t\t\t\t\t\t\t<\/div>\n\t\t\t\t<\/div>\n\t\t\t\t\t<\/div>\n\t\t<\/div>\n\t\t\t\t<div class=\"elementor-column elementor-col-50 elementor-inner-column elementor-element elementor-element-1fe836e\" data-id=\"1fe836e\" data-element_type=\"column\">\n\t\t\t<div class=\"elementor-widget-wrap elementor-element-populated\">\n\t\t\t\t\t\t<div class=\"elementor-element elementor-element-41c9fdc elementor-widget elementor-widget-heading\" data-id=\"41c9fdc\" data-element_type=\"widget\" data-widget_type=\"heading.default\">\n\t\t\t\t<div class=\"elementor-widget-container\">\n\t\t\t\t\t<h3 class=\"elementor-heading-title elementor-size-default\"><a href=\"https:\/\/www.facebook.com\/profile.php?id=61573558739157\">Lipt\u00e1k Attila<\/a><\/h3>\t\t\t\t<\/div>\n\t\t\t\t<\/div>\n\t\t\t\t<div class=\"elementor-element elementor-element-dcdf75b elementor-widget elementor-widget-image\" data-id=\"dcdf75b\" data-element_type=\"widget\" data-widget_type=\"image.default\">\n\t\t\t\t<div class=\"elementor-widget-container\">\n\t\t\t\t\t\t\t\t\t\t\t\t\t\t\t<img decoding=\"async\" width=\"768\" height=\"1024\" src=\"https:\/\/tigrismogyoromagyarorszag.hu\/wp-content\/uploads\/2025\/03\/20230617_072043-768x1024.jpg\" class=\"attachment-large size-large wp-image-3029\" alt=\"\" srcset=\"https:\/\/tigrismogyoromagyarorszag.hu\/wp-content\/uploads\/2025\/03\/20230617_072043-768x1024.jpg 768w, https:\/\/tigrismogyoromagyarorszag.hu\/wp-content\/uploads\/2025\/03\/20230617_072043-225x300.jpg 225w, https:\/\/tigrismogyoromagyarorszag.hu\/wp-content\/uploads\/2025\/03\/20230617_072043-1152x1536.jpg 1152w, https:\/\/tigrismogyoromagyarorszag.hu\/wp-content\/uploads\/2025\/03\/20230617_072043-1536x2048.jpg 1536w, https:\/\/tigrismogyoromagyarorszag.hu\/wp-content\/uploads\/2025\/03\/20230617_072043-9x12.jpg 9w, https:\/\/tigrismogyoromagyarorszag.hu\/wp-content\/uploads\/2025\/03\/20230617_072043-600x800.jpg 600w, https:\/\/tigrismogyoromagyarorszag.hu\/wp-content\/uploads\/2025\/03\/20230617_072043-41x54.jpg 41w, https:\/\/tigrismogyoromagyarorszag.hu\/wp-content\/uploads\/2025\/03\/20230617_072043-scaled.jpg 1920w\" sizes=\"(max-width: 768px) 100vw, 768px\" \/>\t\t\t\t\t\t\t\t\t\t\t\t\t\t\t<\/div>\n\t\t\t\t<\/div>\n\t\t\t\t\t<\/div>\n\t\t<\/div>\n\t\t\t\t\t<\/div>\n\t\t<\/section>\n\t\t\t\t<section class=\"elementor-section elementor-inner-section elementor-element elementor-element-dc0c03b elementor-section-content-middle elementor-section-boxed elementor-section-height-default elementor-section-height-default\" data-id=\"dc0c03b\" data-element_type=\"section\">\n\t\t\t\t\t\t<div class=\"elementor-container elementor-column-gap-extended\">\n\t\t\t\t\t<div class=\"elementor-column elementor-col-100 elementor-inner-column elementor-element elementor-element-8aeed27\" data-id=\"8aeed27\" data-element_type=\"column\">\n\t\t\t<div class=\"elementor-widget-wrap\">\n\t\t\t\t\t\t\t<\/div>\n\t\t<\/div>\n\t\t\t\t\t<\/div>\n\t\t<\/section>\n\t\t\t\t\t<\/div>\n\t\t<\/div>\n\t\t\t\t\t<\/div>\n\t\t<\/section>\n\t\t\t\t<\/div>","protected":false},"excerpt":{"rendered":"<p>Tigrismogyor\u00f3 Magyarorsz\u00e1g horg\u00e1szokt\u00f3l horg\u00e1szoknak Ismerj meg minket P\u00e1r \u00e9vvel ezel\u0151tt Attila bar\u00e1tommal a Kett\u0151-K\u00f6r\u00f6s fels\u0151 szakasz\u00e1n horg\u00e1sztunk B\u00e9k\u00e9sn\u00e9l, amikor kipattant a fej\u00fcnkb\u0151l, hogy annyit horg\u00e1szunk tigrismogyor\u00f3val, \u00e9s tigrismogyor\u00f3t tartalmaz\u00f3 csalival, hogy mi lenne ha mi termelmen\u00e9nk magunknak \u00e9s dolgozn\u00e1nk fel. Akkor azonnal belev\u00e1gtunk, \u00e9s egy kissebb ter\u00fcleten elkezdt\u00fcnk saj\u00e1t c\u00e9lra tigrismogyor\u00f3t termelni. Mikor l\u00e1ttuk, hogy<\/p>\n<div class=\"klb-readmore entry-button\"><a class=\"button\" href=\"https:\/\/tigrismogyoromagyarorszag.hu\/hu\/rolunk\/\">Read More<\/a><\/div>","protected":false},"author":1,"featured_media":0,"parent":0,"menu_order":0,"comment_status":"closed","ping_status":"closed","template":"","meta":{"om_disable_all_campaigns":false,"_monsterinsights_skip_tracking":false,"_monsterinsights_sitenote_active":false,"_monsterinsights_sitenote_note":"","_monsterinsights_sitenote_category":0,"_uf_show_specific_survey":0,"_uf_disable_surveys":false,"footnotes":""},"class_list":["post-1544","page","type-page","status-publish","hentry"],"aioseo_notices":[],"_links":{"self":[{"href":"https:\/\/tigrismogyoromagyarorszag.hu\/hu\/wp-json\/wp\/v2\/pages\/1544","targetHints":{"allow":["GET"]}}],"collection":[{"href":"https:\/\/tigrismogyoromagyarorszag.hu\/hu\/wp-json\/wp\/v2\/pages"}],"about":[{"href":"https:\/\/tigrismogyoromagyarorszag.hu\/hu\/wp-json\/wp\/v2\/types\/page"}],"author":[{"embeddable":true,"href":"https:\/\/tigrismogyoromagyarorszag.hu\/hu\/wp-json\/wp\/v2\/users\/1"}],"replies":[{"embeddable":true,"href":"https:\/\/tigrismogyoromagyarorszag.hu\/hu\/wp-json\/wp\/v2\/comments?post=1544"}],"version-history":[{"count":47,"href":"https:\/\/tigrismogyoromagyarorszag.hu\/hu\/wp-json\/wp\/v2\/pages\/1544\/revisions"}],"predecessor-version":[{"id":3373,"href":"https:\/\/tigrismogyoromagyarorszag.hu\/hu\/wp-json\/wp\/v2\/pages\/1544\/revisions\/3373"}],"wp:attachment":[{"href":"https:\/\/tigrismogyoromagyarorszag.hu\/hu\/wp-json\/wp\/v2\/media?parent=1544"}],"curies":[{"name":"wp","href":"https:\/\/api.w.org\/{rel}","templated":true}]}}