{"id":3321,"date":"2025-06-01T20:22:07","date_gmt":"2025-06-01T20:22:07","guid":{"rendered":"https:\/\/tigrismogyoromagyarorszag.hu\/?post_type=product&#038;p=3321"},"modified":"2026-03-22T18:50:42","modified_gmt":"2026-03-22T18:50:42","slug":"tigrismogyoros-pop-up","status":"publish","type":"product","link":"https:\/\/tigrismogyoromagyarorszag.hu\/hu\/termek\/tigrismogyoros-pop-up\/","title":{"rendered":"Tigrismogyor\u00f3s POP UP 15MM"},"content":{"rendered":"<p>POP UP kett\u0151 f\u00e9le \u00edzben. Az egyik, sokak kedvence az \u00e9des-anan\u00e1sz , illetve a bojlinkhoz passzol\u00f3 tigrismogyor\u00f3s \u00edzes\u00edt\u00e9sben. Mind a k\u00e9t csali fluo s\u00e1rga sz\u00ednben tal\u00e1lhat\u00f3 meg.<\/p>\n<div>\u00cdze\/Illata megegyezik a bojli\u00e9val, Ak\u00e1r \u00f6nmag\u00e1ban egy Ronnie Rig-en felk\u00edn\u00e1lva ak\u00e1r a bojlival vagy ak\u00e1r magvakkal is nagyon j\u00f3l m\u0171k\u00f6dik \u00e9s\/vagy kombin\u00e1lhat\u00f3!<\/div>\n<div>4 \u00e9vszakos.<\/div>","protected":false},"excerpt":{"rendered":"<div>POP UP kett\u0151 f\u00e9le \u00edzben. Az egyik, sokak kedvence az \u00e9des-anan\u00e1sz , illetve a bojlinkhoz passzol\u00f3 tigrismogyor\u00f3s \u00edzes\u00edt\u00e9sben. Mind a k\u00e9t csali fluo s\u00e1rga sz\u00ednben tal\u00e1lhat\u00f3 meg.<br \/>\n\u00cdze\/Illata megegyezik a bojli\u00e9val, Ak\u00e1r \u00f6nmag\u00e1ban egy Ronnie Rig-en felk\u00edn\u00e1lva ak\u00e1r a bojlival vagy ak\u00e1r magvakkal is nagyon j\u00f3l m\u0171k\u00f6dik \u00e9s\/vagy kombin\u00e1lhat\u00f3!<\/div>\n<div>4 \u00e9vszakos.<\/div>","protected":false},"featured_media":3527,"comment_status":"open","ping_status":"closed","template":"","meta":{"om_disable_all_campaigns":false,"_monsterinsights_skip_tracking":false,"_monsterinsights_sitenote_active":false,"_monsterinsights_sitenote_note":"","_monsterinsights_sitenote_category":0,"_uf_show_specific_survey":0,"_uf_disable_surveys":false},"product_brand":[],"product_cat":[117],"product_tag":[],"class_list":{"0":"post-3321","1":"product","2":"type-product","3":"status-publish","4":"has-post-thumbnail","6":"product_cat-pop-up","8":"first","9":"instock","10":"sale","11":"taxable","12":"shipping-taxable","13":"purchasable","14":"product-type-variable"},"aioseo_notices":[],"_links":{"self":[{"href":"https:\/\/tigrismogyoromagyarorszag.hu\/hu\/wp-json\/wp\/v2\/product\/3321","targetHints":{"allow":["GET"]}}],"collection":[{"href":"https:\/\/tigrismogyoromagyarorszag.hu\/hu\/wp-json\/wp\/v2\/product"}],"about":[{"href":"https:\/\/tigrismogyoromagyarorszag.hu\/hu\/wp-json\/wp\/v2\/types\/product"}],"replies":[{"embeddable":true,"href":"https:\/\/tigrismogyoromagyarorszag.hu\/hu\/wp-json\/wp\/v2\/comments?post=3321"}],"version-history":[{"count":6,"href":"https:\/\/tigrismogyoromagyarorszag.hu\/hu\/wp-json\/wp\/v2\/product\/3321\/revisions"}],"predecessor-version":[{"id":3586,"href":"https:\/\/tigrismogyoromagyarorszag.hu\/hu\/wp-json\/wp\/v2\/product\/3321\/revisions\/3586"}],"wp:featuredmedia":[{"embeddable":true,"href":"https:\/\/tigrismogyoromagyarorszag.hu\/hu\/wp-json\/wp\/v2\/media\/3527"}],"wp:attachment":[{"href":"https:\/\/tigrismogyoromagyarorszag.hu\/hu\/wp-json\/wp\/v2\/media?parent=3321"}],"wp:term":[{"taxonomy":"product_brand","embeddable":true,"href":"https:\/\/tigrismogyoromagyarorszag.hu\/hu\/wp-json\/wp\/v2\/product_brand?post=3321"},{"taxonomy":"product_cat","embeddable":true,"href":"https:\/\/tigrismogyoromagyarorszag.hu\/hu\/wp-json\/wp\/v2\/product_cat?post=3321"},{"taxonomy":"product_tag","embeddable":true,"href":"https:\/\/tigrismogyoromagyarorszag.hu\/hu\/wp-json\/wp\/v2\/product_tag?post=3321"}],"curies":[{"name":"wp","href":"https:\/\/api.w.org\/{rel}","templated":true}]}}