{"id":3402,"date":"2025-09-03T15:33:06","date_gmt":"2025-09-03T15:33:06","guid":{"rendered":"https:\/\/tigrismogyoromagyarorszag.hu\/?post_type=product&#038;p=3402"},"modified":"2026-03-22T18:29:12","modified_gmt":"2026-03-22T18:29:12","slug":"tuzes-tigris-bojli","status":"publish","type":"product","link":"https:\/\/tigrismogyoromagyarorszag.hu\/hu\/termek\/tuzes-tigris-bojli\/","title":{"rendered":"T\u00fczes Tigris Bojli &#8211; Tigrismogyor\u00f3s Bojli 18mm &#8211; 24mm"},"content":{"rendered":"<p>A palett\u00e1nkon \u00e9s id\u0151ben is, ez a m\u00e1sodik bojlink, ami hasonl\u00f3 alapokon nyugszik mint a Full Tigris. Szint\u00e9n rendk\u00edv\u00fcl magas tigrismogyor\u00f3liszt tartalma van, de er\u0151sen f\u0171szeres, amit egy t\u00f6m\u00e9ny angol f\u0171szerkever\u00e9kkel \u00e9r\u00fcnk el! Szerkezete kiss\u00e9 z\u00e1rtabb a Full Tigrisn\u00e9l de tart\u00f3san ontja mag\u00e1b\u00f3l az attraktorokat.<\/p>\n<div>B\u00e1r 4 \u00e9vszakosnak mondjuk de felmeleged\u0151 vizekben k\u00fcl\u00f6n\u00f6sen j\u00f3 eredm\u00e9nyeket \u00e9rt\u00fcnk el vele!<\/div>","protected":false},"excerpt":{"rendered":"<p>A palett\u00e1nkon \u00e9s id\u0151ben is, ez a m\u00e1sodik bojlink, ami hasonl\u00f3 alapokon nyugszik mint a Full Tigris. Szint\u00e9n rendk\u00edv\u00fcl magas tigrismogyor\u00f3liszt tartalma van, de er\u0151sen f\u0171szeres, amit egy t\u00f6m\u00e9ny angol f\u0171szerkever\u00e9kkel \u00e9r\u00fcnk el! Szerkezete kiss\u00e9 z\u00e1rtabb a Full Tigrisn\u00e9l de tart\u00f3san ontja mag\u00e1b\u00f3l az attraktorokat.<\/p>\n<div>B\u00e1r 4 \u00e9vszakosnak mondjuk de felmeleged\u0151 vizekben k\u00fcl\u00f6n\u00f6sen j\u00f3 eredm\u00e9nyeket \u00e9rt\u00fcnk el vele!<\/div>","protected":false},"featured_media":3518,"comment_status":"open","ping_status":"closed","template":"","meta":{"om_disable_all_campaigns":false,"_monsterinsights_skip_tracking":false,"_monsterinsights_sitenote_active":false,"_monsterinsights_sitenote_note":"","_monsterinsights_sitenote_category":0,"_uf_show_specific_survey":0,"_uf_disable_surveys":false},"product_brand":[],"product_cat":[31],"product_tag":[],"class_list":{"0":"post-3402","1":"product","2":"type-product","3":"status-publish","4":"has-post-thumbnail","6":"product_cat-bojlik","8":"first","9":"instock","10":"sale","11":"taxable","12":"shipping-taxable","13":"purchasable","14":"product-type-variable"},"aioseo_notices":[],"_links":{"self":[{"href":"https:\/\/tigrismogyoromagyarorszag.hu\/hu\/wp-json\/wp\/v2\/product\/3402","targetHints":{"allow":["GET"]}}],"collection":[{"href":"https:\/\/tigrismogyoromagyarorszag.hu\/hu\/wp-json\/wp\/v2\/product"}],"about":[{"href":"https:\/\/tigrismogyoromagyarorszag.hu\/hu\/wp-json\/wp\/v2\/types\/product"}],"replies":[{"embeddable":true,"href":"https:\/\/tigrismogyoromagyarorszag.hu\/hu\/wp-json\/wp\/v2\/comments?post=3402"}],"version-history":[{"count":3,"href":"https:\/\/tigrismogyoromagyarorszag.hu\/hu\/wp-json\/wp\/v2\/product\/3402\/revisions"}],"predecessor-version":[{"id":3579,"href":"https:\/\/tigrismogyoromagyarorszag.hu\/hu\/wp-json\/wp\/v2\/product\/3402\/revisions\/3579"}],"wp:featuredmedia":[{"embeddable":true,"href":"https:\/\/tigrismogyoromagyarorszag.hu\/hu\/wp-json\/wp\/v2\/media\/3518"}],"wp:attachment":[{"href":"https:\/\/tigrismogyoromagyarorszag.hu\/hu\/wp-json\/wp\/v2\/media?parent=3402"}],"wp:term":[{"taxonomy":"product_brand","embeddable":true,"href":"https:\/\/tigrismogyoromagyarorszag.hu\/hu\/wp-json\/wp\/v2\/product_brand?post=3402"},{"taxonomy":"product_cat","embeddable":true,"href":"https:\/\/tigrismogyoromagyarorszag.hu\/hu\/wp-json\/wp\/v2\/product_cat?post=3402"},{"taxonomy":"product_tag","embeddable":true,"href":"https:\/\/tigrismogyoromagyarorszag.hu\/hu\/wp-json\/wp\/v2\/product_tag?post=3402"}],"curies":[{"name":"wp","href":"https:\/\/api.w.org\/{rel}","templated":true}]}}