{"id":3551,"date":"2026-03-22T17:19:37","date_gmt":"2026-03-22T17:19:37","guid":{"rendered":"https:\/\/tigrismogyoromagyarorszag.hu\/?post_type=product&#038;p=3551"},"modified":"2026-03-23T10:33:00","modified_gmt":"2026-03-23T10:33:00","slug":"full-fuszer-pop-up-15mm","status":"publish","type":"product","link":"https:\/\/tigrismogyoromagyarorszag.hu\/hu\/termek\/full-fuszer-pop-up-15mm\/","title":{"rendered":"Full F\u0171szer POP UP 15MM"},"content":{"rendered":"<p>POP UP f\u0171szeres \u00edzben.<br \/>\n\u00cdze\/Illata megegyezik a bojli\u00e9val, ak\u00e1r \u00f6nmag\u00e1ban, egy Ronnie Rig-en felk\u00edn\u00e1lva, ak\u00e1r a bojlival vagy ak\u00e1r magvakkal is nagyon j\u00f3l m\u0171k\u00f6dik \u00e9s\/vagy kombin\u00e1lhat\u00f3!<br \/>\n4 \u00e9vszakos.<\/p>","protected":false},"excerpt":{"rendered":"<p>POP UP f\u0171szeres \u00edzben.<br \/>\n\u00cdze\/Illata megegyezik a bojli\u00e9val, ak\u00e1r \u00f6nmag\u00e1ban, egy Ronnie Rig-en felk\u00edn\u00e1lva, ak\u00e1r a bojlival vagy ak\u00e1r magvakkal is nagyon j\u00f3l m\u0171k\u00f6dik \u00e9s\/vagy kombin\u00e1lhat\u00f3!<br \/>\n4 \u00e9vszakos.<\/p>","protected":false},"featured_media":3596,"comment_status":"open","ping_status":"closed","template":"","meta":{"om_disable_all_campaigns":false,"_monsterinsights_skip_tracking":false,"_monsterinsights_sitenote_active":false,"_monsterinsights_sitenote_note":"","_monsterinsights_sitenote_category":0,"_uf_show_specific_survey":0,"_uf_disable_surveys":false},"product_brand":[],"product_cat":[117],"product_tag":[],"class_list":{"0":"post-3551","1":"product","2":"type-product","3":"status-publish","4":"has-post-thumbnail","6":"product_cat-pop-up","8":"first","9":"instock","10":"sale","11":"taxable","12":"shipping-taxable","13":"purchasable","14":"product-type-simple"},"aioseo_notices":[],"_links":{"self":[{"href":"https:\/\/tigrismogyoromagyarorszag.hu\/hu\/wp-json\/wp\/v2\/product\/3551","targetHints":{"allow":["GET"]}}],"collection":[{"href":"https:\/\/tigrismogyoromagyarorszag.hu\/hu\/wp-json\/wp\/v2\/product"}],"about":[{"href":"https:\/\/tigrismogyoromagyarorszag.hu\/hu\/wp-json\/wp\/v2\/types\/product"}],"replies":[{"embeddable":true,"href":"https:\/\/tigrismogyoromagyarorszag.hu\/hu\/wp-json\/wp\/v2\/comments?post=3551"}],"version-history":[{"count":4,"href":"https:\/\/tigrismogyoromagyarorszag.hu\/hu\/wp-json\/wp\/v2\/product\/3551\/revisions"}],"predecessor-version":[{"id":3585,"href":"https:\/\/tigrismogyoromagyarorszag.hu\/hu\/wp-json\/wp\/v2\/product\/3551\/revisions\/3585"}],"wp:featuredmedia":[{"embeddable":true,"href":"https:\/\/tigrismogyoromagyarorszag.hu\/hu\/wp-json\/wp\/v2\/media\/3596"}],"wp:attachment":[{"href":"https:\/\/tigrismogyoromagyarorszag.hu\/hu\/wp-json\/wp\/v2\/media?parent=3551"}],"wp:term":[{"taxonomy":"product_brand","embeddable":true,"href":"https:\/\/tigrismogyoromagyarorszag.hu\/hu\/wp-json\/wp\/v2\/product_brand?post=3551"},{"taxonomy":"product_cat","embeddable":true,"href":"https:\/\/tigrismogyoromagyarorszag.hu\/hu\/wp-json\/wp\/v2\/product_cat?post=3551"},{"taxonomy":"product_tag","embeddable":true,"href":"https:\/\/tigrismogyoromagyarorszag.hu\/hu\/wp-json\/wp\/v2\/product_tag?post=3551"}],"curies":[{"name":"wp","href":"https:\/\/api.w.org\/{rel}","templated":true}]}}