{"id":3554,"date":"2026-03-22T17:24:55","date_gmt":"2026-03-22T17:24:55","guid":{"rendered":"https:\/\/tigrismogyoromagyarorszag.hu\/?post_type=product&#038;p=3554"},"modified":"2026-03-22T18:46:26","modified_gmt":"2026-03-22T18:46:26","slug":"full-corn-methodmix-csemegekukoricas-etetoanyag","status":"publish","type":"product","link":"https:\/\/tigrismogyoromagyarorszag.hu\/hu\/termek\/full-corn-methodmix-csemegekukoricas-etetoanyag\/","title":{"rendered":"Full Corn Methodmix \u2013 Csemegekukoric\u00e1s Etet\u0151anyag"},"content":{"rendered":"<div>Mint minden method etet\u0151anyagunk, ez is, az azonos \u00edz\u0171 bojli mint\u00e1j\u00e1ra k\u00e9sz\u00fclt, f\u0151k\u00e9nt az\u00e9rt is mert a csemegekukoric\u00e1t minden, nem ragadoz\u00f3hal szereti! Gyakorlatilag ez ihletett minket a Full Corn term\u00e9kcsal\u00e1d l\u00e9trehoz\u00e1s\u00e1n\u00e1l! Meglep\u0151en k\u00f6nnyen tudunk kap\u00e1st el\u00e9rni vele majd ott tartani a halat az etet\u00e9sen!<\/div>\n<div>10C\u00b0-os v\u00edzh\u0151m\u00e9rs\u00e9klet felett aj\u00e1nljuk!<\/div>\n<div><\/div>","protected":false},"excerpt":{"rendered":"<div>Mint minden method etet\u0151anyagunk, ez is, az azonos \u00edz\u0171 bojli mint\u00e1j\u00e1ra k\u00e9sz\u00fclt, f\u0151k\u00e9nt az\u00e9rt is mert a csemegekukoric\u00e1t minden, nem ragadoz\u00f3hal szereti! Gyakorlatilag ez ihletett minket a Full Corn term\u00e9kcsal\u00e1d l\u00e9trehoz\u00e1s\u00e1n\u00e1l! Meglep\u0151en k\u00f6nnyen tudunk kap\u00e1st el\u00e9rni vele majd ott tartani a halat az etet\u00e9sen!<\/div>\n<div>10C\u00b0-os v\u00edzh\u0151m\u00e9rs\u00e9klet felett aj\u00e1nljuk!<\/div>","protected":false},"featured_media":3516,"comment_status":"open","ping_status":"closed","template":"","meta":{"om_disable_all_campaigns":false,"_monsterinsights_skip_tracking":false,"_monsterinsights_sitenote_active":false,"_monsterinsights_sitenote_note":"","_monsterinsights_sitenote_category":0,"_uf_show_specific_survey":0,"_uf_disable_surveys":false},"product_brand":[],"product_cat":[67],"product_tag":[],"class_list":{"0":"post-3554","1":"product","2":"type-product","3":"status-publish","4":"has-post-thumbnail","6":"product_cat-etetoanyag","8":"first","9":"instock","10":"sale","11":"taxable","12":"shipping-taxable","13":"purchasable","14":"product-type-simple"},"aioseo_notices":[],"_links":{"self":[{"href":"https:\/\/tigrismogyoromagyarorszag.hu\/hu\/wp-json\/wp\/v2\/product\/3554","targetHints":{"allow":["GET"]}}],"collection":[{"href":"https:\/\/tigrismogyoromagyarorszag.hu\/hu\/wp-json\/wp\/v2\/product"}],"about":[{"href":"https:\/\/tigrismogyoromagyarorszag.hu\/hu\/wp-json\/wp\/v2\/types\/product"}],"replies":[{"embeddable":true,"href":"https:\/\/tigrismogyoromagyarorszag.hu\/hu\/wp-json\/wp\/v2\/comments?post=3554"}],"version-history":[{"count":3,"href":"https:\/\/tigrismogyoromagyarorszag.hu\/hu\/wp-json\/wp\/v2\/product\/3554\/revisions"}],"predecessor-version":[{"id":3581,"href":"https:\/\/tigrismogyoromagyarorszag.hu\/hu\/wp-json\/wp\/v2\/product\/3554\/revisions\/3581"}],"wp:featuredmedia":[{"embeddable":true,"href":"https:\/\/tigrismogyoromagyarorszag.hu\/hu\/wp-json\/wp\/v2\/media\/3516"}],"wp:attachment":[{"href":"https:\/\/tigrismogyoromagyarorszag.hu\/hu\/wp-json\/wp\/v2\/media?parent=3554"}],"wp:term":[{"taxonomy":"product_brand","embeddable":true,"href":"https:\/\/tigrismogyoromagyarorszag.hu\/hu\/wp-json\/wp\/v2\/product_brand?post=3554"},{"taxonomy":"product_cat","embeddable":true,"href":"https:\/\/tigrismogyoromagyarorszag.hu\/hu\/wp-json\/wp\/v2\/product_cat?post=3554"},{"taxonomy":"product_tag","embeddable":true,"href":"https:\/\/tigrismogyoromagyarorszag.hu\/hu\/wp-json\/wp\/v2\/product_tag?post=3554"}],"curies":[{"name":"wp","href":"https:\/\/api.w.org\/{rel}","templated":true}]}}