{"id":3556,"date":"2026-03-22T17:30:40","date_gmt":"2026-03-22T17:30:40","guid":{"rendered":"https:\/\/tigrismogyoromagyarorszag.hu\/?post_type=product&#038;p=3556"},"modified":"2026-03-22T18:47:03","modified_gmt":"2026-03-22T18:47:03","slug":"full-corn-bojli-kremes-csemegekukoricas-bojli-18mm-24mm","status":"publish","type":"product","link":"https:\/\/tigrismogyoromagyarorszag.hu\/hu\/termek\/full-corn-bojli-kremes-csemegekukoricas-bojli-18mm-24mm\/","title":{"rendered":"Full Corn Bojli \u2013 Kr\u00e9mes Csemegekukoric\u00e1s Bojli 18mm \u2013 24mm"},"content":{"rendered":"<p>A leg\u00fajabb bojlink, \u00edz\u00e9t \u00e9s illat\u00e1t tekintve egy nagyon kr\u00e9mes csemegekukoric\u00e1ra eml\u00e9keztet. Ez a sz\u00e9nhidr\u00e1tos bojli rendk\u00edv\u00fcl magas beltartalommal b\u00edr, amib\u0151l szint\u00e9n nem hi\u00e1nyozhat ( nev\u00fcnkh\u00f6z h\u0171en ) a tigrismogyor\u00f3! Sok m\u00e1s \u00f6sszetev\u0151 mellett igen nagy ar\u00e1ny\u00fa kukoricacs\u00edralisztet is tartalmaz nem v\u00e9letlen lett a neve Full Corn! T\u00e1p\u00e9rt\u00e9ke kiemelked\u0151, igen gyorsan tudunk kap\u00e1st el\u00e9rni vele, \u00e9s kifejezetten kedvelik az amurok sok horg\u00e1sz \u00f6r\u00f6m\u00e9re.<\/p>\n<div>3 \u00e9vszakosnak mondan\u00e1nk ( Tavasz-Ny\u00e1r-\u0150sz ) 10C\u00b0-os v\u00edzh\u0151m\u00e9rs\u00e9klet felett aj\u00e1nljuk!<\/div>\n<div><\/div>","protected":false},"excerpt":{"rendered":"<p>A leg\u00fajabb bojlink, \u00edz\u00e9t \u00e9s illat\u00e1t tekintve egy nagyon kr\u00e9mes csemegekukoric\u00e1ra eml\u00e9keztet. Ez a sz\u00e9nhidr\u00e1tos bojli rendk\u00edv\u00fcl magas beltartalommal b\u00edr, amib\u0151l szint\u00e9n nem hi\u00e1nyozhat ( nev\u00fcnkh\u00f6z h\u0171en ) a tigrismogyor\u00f3! Sok m\u00e1s \u00f6sszetev\u0151 mellett igen nagy ar\u00e1ny\u00fa kukoricacs\u00edralisztet is tartalmaz nem v\u00e9letlen lett a neve Full Corn! T\u00e1p\u00e9rt\u00e9ke kiemelked\u0151, igen gyorsan tudunk kap\u00e1st el\u00e9rni vele, \u00e9s kifejezetten kedvelik az amurok sok horg\u00e1sz \u00f6r\u00f6m\u00e9re.<\/p>\n<div>3 \u00e9vszakosnak mondan\u00e1nk ( Tavasz-Ny\u00e1r-\u0150sz ) 10C\u00b0-os v\u00edzh\u0151m\u00e9rs\u00e9klet felett aj\u00e1nljuk!<\/div>\n<div><\/div>","protected":false},"featured_media":3515,"comment_status":"open","ping_status":"closed","template":"","meta":{"om_disable_all_campaigns":false,"_monsterinsights_skip_tracking":false,"_monsterinsights_sitenote_active":false,"_monsterinsights_sitenote_note":"","_monsterinsights_sitenote_category":0,"_uf_show_specific_survey":0,"_uf_disable_surveys":false},"product_brand":[],"product_cat":[31],"product_tag":[],"class_list":{"0":"post-3556","1":"product","2":"type-product","3":"status-publish","4":"has-post-thumbnail","6":"product_cat-bojlik","8":"first","9":"instock","10":"sale","11":"taxable","12":"shipping-taxable","13":"purchasable","14":"product-type-variable"},"aioseo_notices":[],"_links":{"self":[{"href":"https:\/\/tigrismogyoromagyarorszag.hu\/hu\/wp-json\/wp\/v2\/product\/3556","targetHints":{"allow":["GET"]}}],"collection":[{"href":"https:\/\/tigrismogyoromagyarorszag.hu\/hu\/wp-json\/wp\/v2\/product"}],"about":[{"href":"https:\/\/tigrismogyoromagyarorszag.hu\/hu\/wp-json\/wp\/v2\/types\/product"}],"replies":[{"embeddable":true,"href":"https:\/\/tigrismogyoromagyarorszag.hu\/hu\/wp-json\/wp\/v2\/comments?post=3556"}],"version-history":[{"count":2,"href":"https:\/\/tigrismogyoromagyarorszag.hu\/hu\/wp-json\/wp\/v2\/product\/3556\/revisions"}],"predecessor-version":[{"id":3582,"href":"https:\/\/tigrismogyoromagyarorszag.hu\/hu\/wp-json\/wp\/v2\/product\/3556\/revisions\/3582"}],"wp:featuredmedia":[{"embeddable":true,"href":"https:\/\/tigrismogyoromagyarorszag.hu\/hu\/wp-json\/wp\/v2\/media\/3515"}],"wp:attachment":[{"href":"https:\/\/tigrismogyoromagyarorszag.hu\/hu\/wp-json\/wp\/v2\/media?parent=3556"}],"wp:term":[{"taxonomy":"product_brand","embeddable":true,"href":"https:\/\/tigrismogyoromagyarorszag.hu\/hu\/wp-json\/wp\/v2\/product_brand?post=3556"},{"taxonomy":"product_cat","embeddable":true,"href":"https:\/\/tigrismogyoromagyarorszag.hu\/hu\/wp-json\/wp\/v2\/product_cat?post=3556"},{"taxonomy":"product_tag","embeddable":true,"href":"https:\/\/tigrismogyoromagyarorszag.hu\/hu\/wp-json\/wp\/v2\/product_tag?post=3556"}],"curies":[{"name":"wp","href":"https:\/\/api.w.org\/{rel}","templated":true}]}}