{"id":3565,"date":"2026-03-22T18:07:18","date_gmt":"2026-03-22T18:07:18","guid":{"rendered":"https:\/\/tigrismogyoromagyarorszag.hu\/?post_type=product&#038;p=3565"},"modified":"2026-03-22T18:08:20","modified_gmt":"2026-03-22T18:08:20","slug":"full-tigris-termekcsalad","status":"publish","type":"product","link":"https:\/\/tigrismogyoromagyarorszag.hu\/hu\/termek\/full-tigris-termekcsalad\/","title":{"rendered":"Full Tigris Term\u00e9kcsal\u00e1d"},"content":{"rendered":"<p>A csomag tartalmazza a teljes tigrismogyor\u00f3s term\u00e9kcsal\u00e1dot:<\/p>\n<p>-Full Tigris bojli 24mm 1kg<\/p>\n<p>-Full Tigris bojli 18mm 1kg<\/p>\n<p>-Full Tigris method mix 1kg<\/p>\n<p>-Full Tigris Pop-up bojli 1db<\/p>","protected":false},"excerpt":{"rendered":"<p>A csomag tartalmazza a teljes tigrismogyor\u00f3s term\u00e9kcsal\u00e1dot: -Full Tigris bojli 24mm 1kg -Full Tigris bojli 18mm 1kg -Full Tigris method mix 1kg -Full Tigris Pop-up bojli 1db<\/p>","protected":false},"featured_media":3567,"comment_status":"open","ping_status":"closed","template":"","meta":{"om_disable_all_campaigns":false,"_monsterinsights_skip_tracking":false,"_monsterinsights_sitenote_active":false,"_monsterinsights_sitenote_note":"","_monsterinsights_sitenote_category":0,"_uf_show_specific_survey":0,"_uf_disable_surveys":false},"product_brand":[],"product_cat":[123],"product_tag":[],"class_list":{"0":"post-3565","1":"product","2":"type-product","3":"status-publish","4":"has-post-thumbnail","6":"product_cat-termekcsaladok","8":"first","9":"instock","10":"sale","11":"taxable","12":"shipping-taxable","13":"purchasable","14":"product-type-simple"},"aioseo_notices":[],"_links":{"self":[{"href":"https:\/\/tigrismogyoromagyarorszag.hu\/hu\/wp-json\/wp\/v2\/product\/3565","targetHints":{"allow":["GET"]}}],"collection":[{"href":"https:\/\/tigrismogyoromagyarorszag.hu\/hu\/wp-json\/wp\/v2\/product"}],"about":[{"href":"https:\/\/tigrismogyoromagyarorszag.hu\/hu\/wp-json\/wp\/v2\/types\/product"}],"replies":[{"embeddable":true,"href":"https:\/\/tigrismogyoromagyarorszag.hu\/hu\/wp-json\/wp\/v2\/comments?post=3565"}],"version-history":[{"count":1,"href":"https:\/\/tigrismogyoromagyarorszag.hu\/hu\/wp-json\/wp\/v2\/product\/3565\/revisions"}],"predecessor-version":[{"id":3568,"href":"https:\/\/tigrismogyoromagyarorszag.hu\/hu\/wp-json\/wp\/v2\/product\/3565\/revisions\/3568"}],"wp:featuredmedia":[{"embeddable":true,"href":"https:\/\/tigrismogyoromagyarorszag.hu\/hu\/wp-json\/wp\/v2\/media\/3567"}],"wp:attachment":[{"href":"https:\/\/tigrismogyoromagyarorszag.hu\/hu\/wp-json\/wp\/v2\/media?parent=3565"}],"wp:term":[{"taxonomy":"product_brand","embeddable":true,"href":"https:\/\/tigrismogyoromagyarorszag.hu\/hu\/wp-json\/wp\/v2\/product_brand?post=3565"},{"taxonomy":"product_cat","embeddable":true,"href":"https:\/\/tigrismogyoromagyarorszag.hu\/hu\/wp-json\/wp\/v2\/product_cat?post=3565"},{"taxonomy":"product_tag","embeddable":true,"href":"https:\/\/tigrismogyoromagyarorszag.hu\/hu\/wp-json\/wp\/v2\/product_tag?post=3565"}],"curies":[{"name":"wp","href":"https:\/\/api.w.org\/{rel}","templated":true}]}}