{"id":416,"date":"2021-04-26T20:10:48","date_gmt":"2021-04-26T20:10:48","guid":{"rendered":"https:\/\/klbtheme.com\/bacola\/?post_type=product&#038;p=416"},"modified":"2025-05-05T17:56:08","modified_gmt":"2025-05-05T17:56:08","slug":"szaraz-tigrismogyoro-1kg-3kg-10kg","status":"publish","type":"product","link":"https:\/\/tigrismogyoromagyarorszag.hu\/hu\/termek\/szaraz-tigrismogyoro-1kg-3kg-10kg\/","title":{"rendered":"Sz\u00e1raz Tigrismogyor\u00f3 1kg"},"content":{"rendered":"<p>Sz\u00e1r\u00edtott tigrismogyor\u00f3 Magyar &#8211; Spanyol vegyesen<\/p>","protected":false},"excerpt":{"rendered":"<p>Sz\u00e1r\u00edtott tigrismogyor\u00f3 Magyar &#8211; Spanyol vegyesen<\/p>","protected":false},"featured_media":2239,"comment_status":"open","ping_status":"closed","template":"","meta":{"om_disable_all_campaigns":false,"_monsterinsights_skip_tracking":false,"_monsterinsights_sitenote_active":false,"_monsterinsights_sitenote_note":"","_monsterinsights_sitenote_category":0,"_uf_show_specific_survey":0,"_uf_disable_surveys":false},"product_brand":[],"product_cat":[58],"product_tag":[],"class_list":{"0":"post-416","1":"product","2":"type-product","3":"status-publish","4":"has-post-thumbnail","6":"product_cat-tigrismogyorok","8":"first","9":"instock","10":"sale","11":"taxable","12":"shipping-taxable","13":"purchasable","14":"product-type-simple"},"aioseo_notices":[],"_links":{"self":[{"href":"https:\/\/tigrismogyoromagyarorszag.hu\/hu\/wp-json\/wp\/v2\/product\/416","targetHints":{"allow":["GET"]}}],"collection":[{"href":"https:\/\/tigrismogyoromagyarorszag.hu\/hu\/wp-json\/wp\/v2\/product"}],"about":[{"href":"https:\/\/tigrismogyoromagyarorszag.hu\/hu\/wp-json\/wp\/v2\/types\/product"}],"replies":[{"embeddable":true,"href":"https:\/\/tigrismogyoromagyarorszag.hu\/hu\/wp-json\/wp\/v2\/comments?post=416"}],"version-history":[{"count":3,"href":"https:\/\/tigrismogyoromagyarorszag.hu\/hu\/wp-json\/wp\/v2\/product\/416\/revisions"}],"predecessor-version":[{"id":3020,"href":"https:\/\/tigrismogyoromagyarorszag.hu\/hu\/wp-json\/wp\/v2\/product\/416\/revisions\/3020"}],"wp:featuredmedia":[{"embeddable":true,"href":"https:\/\/tigrismogyoromagyarorszag.hu\/hu\/wp-json\/wp\/v2\/media\/2239"}],"wp:attachment":[{"href":"https:\/\/tigrismogyoromagyarorszag.hu\/hu\/wp-json\/wp\/v2\/media?parent=416"}],"wp:term":[{"taxonomy":"product_brand","embeddable":true,"href":"https:\/\/tigrismogyoromagyarorszag.hu\/hu\/wp-json\/wp\/v2\/product_brand?post=416"},{"taxonomy":"product_cat","embeddable":true,"href":"https:\/\/tigrismogyoromagyarorszag.hu\/hu\/wp-json\/wp\/v2\/product_cat?post=416"},{"taxonomy":"product_tag","embeddable":true,"href":"https:\/\/tigrismogyoromagyarorszag.hu\/hu\/wp-json\/wp\/v2\/product_tag?post=416"}],"curies":[{"name":"wp","href":"https:\/\/api.w.org\/{rel}","templated":true}]}}